{"id":97,"date":"2011-11-06T20:43:37","date_gmt":"2011-11-06T20:43:37","guid":{"rendered":"http:\/\/www.la-carillonnerie.fr\/test\/?page_id=97"},"modified":"2013-05-01T08:34:39","modified_gmt":"2013-05-01T08:34:39","slug":"le-gite","status":"publish","type":"page","link":"https:\/\/www.la-carillonnerie.fr\/?page_id=97","title":{"rendered":"Le G\u00eete"},"content":{"rendered":"<p>Tout au r.d.c. : salon-s\u00e9jour 66 m\u00b2 (deux canap\u00e9s, chaine HiFi, WIFI, couchages gigognes en plus pour 2 personnes), cuisine \u00e9quip\u00e9e, 1e ch. 18 m\u00b2 (lit 160 + s. d&rsquo;eau et wc cloisonn\u00e9s dans la chambre), 2e ch. 9 m\u00b2 (lit 140) avec s. d&rsquo;eau et wc attenants. Chemin\u00e9e (option bois 50\u20ac\/st\u00e8re) ou chauffage \u00e9lectrique (en sus\/compteur). Cour 30 m\u00b2 + jardin clos 600 m\u00b2 privatifs, sur propri\u00e9t\u00e9 de 22 ha faite de pr\u00e9s et de bois. Petite mare poissonneuse (p\u00eache autoris\u00e9e).<\/p>\n<!-- AddThis Advanced Settings generic via filter on the_content --><!-- AddThis Share Buttons generic via filter on the_content -->","protected":false},"excerpt":{"rendered":"<p>Tout au r.d.c. : salon-s\u00e9jour 66 m\u00b2 (deux canap\u00e9s, chaine HiFi, WIFI, couchages gigognes en plus pour 2 personnes), cuisine \u00e9quip\u00e9e, 1e ch. 18 m\u00b2 (lit 160 + s. d&rsquo;eau et wc cloisonn\u00e9s dans la chambre), 2e ch. 9 m\u00b2 (lit 140) avec s. d&rsquo;eau et wc attenants. Chemin\u00e9e (option bois 50\u20ac\/st\u00e8re) ou chauffage \u00e9lectrique [&hellip;]<!-- AddThis Advanced Settings generic via filter on get_the_excerpt --><!-- AddThis Share Buttons generic via filter on get_the_excerpt --><\/p>\n","protected":false},"author":1,"featured_media":0,"parent":0,"menu_order":1,"comment_status":"closed","ping_status":"closed","template":"","meta":{"footnotes":""},"class_list":["post-97","page","type-page","status-publish","hentry"],"aioseo_notices":[],"_links":{"self":[{"href":"https:\/\/www.la-carillonnerie.fr\/index.php?rest_route=\/wp\/v2\/pages\/97","targetHints":{"allow":["GET"]}}],"collection":[{"href":"https:\/\/www.la-carillonnerie.fr\/index.php?rest_route=\/wp\/v2\/pages"}],"about":[{"href":"https:\/\/www.la-carillonnerie.fr\/index.php?rest_route=\/wp\/v2\/types\/page"}],"author":[{"embeddable":true,"href":"https:\/\/www.la-carillonnerie.fr\/index.php?rest_route=\/wp\/v2\/users\/1"}],"replies":[{"embeddable":true,"href":"https:\/\/www.la-carillonnerie.fr\/index.php?rest_route=%2Fwp%2Fv2%2Fcomments&post=97"}],"version-history":[{"count":7,"href":"https:\/\/www.la-carillonnerie.fr\/index.php?rest_route=\/wp\/v2\/pages\/97\/revisions"}],"predecessor-version":[{"id":174,"href":"https:\/\/www.la-carillonnerie.fr\/index.php?rest_route=\/wp\/v2\/pages\/97\/revisions\/174"}],"wp:attachment":[{"href":"https:\/\/www.la-carillonnerie.fr\/index.php?rest_route=%2Fwp%2Fv2%2Fmedia&parent=97"}],"curies":[{"name":"wp","href":"https:\/\/api.w.org\/{rel}","templated":true}]}}