{"id":6,"date":"2011-11-06T10:19:45","date_gmt":"2011-11-06T10:19:45","guid":{"rendered":"http:\/\/www.la-carillonnerie.fr\/test\/?page_id=6"},"modified":"2011-11-08T21:05:14","modified_gmt":"2011-11-08T21:05:14","slug":"chambre-lilas","status":"publish","type":"page","link":"https:\/\/www.la-carillonnerie.fr\/?page_id=6","title":{"rendered":"Chambre Lilas"},"content":{"rendered":"<p>Chambre compos\u00e9e d&rsquo;un lit de 140&#215;190, une salle de douche \u00e0 l&rsquo;italienne &amp; un WC ind\u00e9pendant. Cette chambre ayant une sortie sur un jardin cot\u00e9 \u00ab\u00a0soleil levant\u00a0\u00bb et une vue sur la for\u00eat.<\/p>\n<p><img loading=\"lazy\" decoding=\"async\" class=\"alignleft\" title=\"Lilas1\" src=\"https:\/\/www.la-carillonnerie.fr\/images\/maison\/chambre_mauve_table.jpg\" alt=\"\" width=\"240\" height=\"362\" \/><img loading=\"lazy\" decoding=\"async\" class=\"alignright\" title=\"Lilas2\" src=\"https:\/\/www.la-carillonnerie.fr\/images\/maison\/chambre_mauve8.jpg\" alt=\"\" width=\"240\" height=\"362\" \/><\/p>\n<p>&nbsp;<\/p>\n<p>&nbsp;<\/p>\n<p>&nbsp;<\/p>\n<p>&nbsp;<\/p>\n<p>&nbsp;<\/p>\n<p>&nbsp;<\/p>\n<p>&nbsp;<\/p>\n<p>&nbsp;<\/p>\n<p>&nbsp;<\/p>\n<p>&nbsp;<\/p>\n<p>&nbsp;<\/p>\n<p>&nbsp;<\/p>\n<p>&nbsp;<\/p>\n<p><img loading=\"lazy\" decoding=\"async\" class=\"aligncenter\" title=\"Lilas3\" src=\"https:\/\/www.la-carillonnerie.fr\/images\/maison\/sdb_mauve3.jpg\" alt=\"\" width=\"520\" height=\"346\" \/><\/p>\n<p style=\"text-align: center;\">Une magnifique petite table vient compl\u00e9ter cette chambre o\u00f9 vous pourrez prendre votre petit d\u00e9jeuner en toute tranquillit\u00e9 (bouilloire incluse).<\/p>\n<!-- AddThis Advanced Settings generic via filter on the_content --><!-- AddThis Share Buttons generic via filter on the_content -->","protected":false},"excerpt":{"rendered":"<p>Chambre compos\u00e9e d&rsquo;un lit de 140&#215;190, une salle de douche \u00e0 l&rsquo;italienne &amp; un WC ind\u00e9pendant. Cette chambre ayant une sortie sur un jardin cot\u00e9 \u00ab\u00a0soleil levant\u00a0\u00bb et une vue sur la for\u00eat. &nbsp; &nbsp; &nbsp; &nbsp; &nbsp; &nbsp; &nbsp; &nbsp; &nbsp; &nbsp; &nbsp; &nbsp; &nbsp; Une magnifique petite table vient compl\u00e9ter cette chambre o\u00f9 [&hellip;]<!-- AddThis Advanced Settings generic via filter on get_the_excerpt --><!-- AddThis Share Buttons generic via filter on get_the_excerpt --><\/p>\n","protected":false},"author":1,"featured_media":0,"parent":4,"menu_order":0,"comment_status":"closed","ping_status":"closed","template":"","meta":{"footnotes":""},"class_list":["post-6","page","type-page","status-publish","hentry"],"aioseo_notices":[],"_links":{"self":[{"href":"https:\/\/www.la-carillonnerie.fr\/index.php?rest_route=\/wp\/v2\/pages\/6","targetHints":{"allow":["GET"]}}],"collection":[{"href":"https:\/\/www.la-carillonnerie.fr\/index.php?rest_route=\/wp\/v2\/pages"}],"about":[{"href":"https:\/\/www.la-carillonnerie.fr\/index.php?rest_route=\/wp\/v2\/types\/page"}],"author":[{"embeddable":true,"href":"https:\/\/www.la-carillonnerie.fr\/index.php?rest_route=\/wp\/v2\/users\/1"}],"replies":[{"embeddable":true,"href":"https:\/\/www.la-carillonnerie.fr\/index.php?rest_route=%2Fwp%2Fv2%2Fcomments&post=6"}],"version-history":[{"count":18,"href":"https:\/\/www.la-carillonnerie.fr\/index.php?rest_route=\/wp\/v2\/pages\/6\/revisions"}],"predecessor-version":[{"id":189,"href":"https:\/\/www.la-carillonnerie.fr\/index.php?rest_route=\/wp\/v2\/pages\/6\/revisions\/189"}],"up":[{"embeddable":true,"href":"https:\/\/www.la-carillonnerie.fr\/index.php?rest_route=\/wp\/v2\/pages\/4"}],"wp:attachment":[{"href":"https:\/\/www.la-carillonnerie.fr\/index.php?rest_route=%2Fwp%2Fv2%2Fmedia&parent=6"}],"curies":[{"name":"wp","href":"https:\/\/api.w.org\/{rel}","templated":true}]}}