{"id":42,"date":"2011-11-06T13:41:49","date_gmt":"2011-11-06T13:41:49","guid":{"rendered":"http:\/\/www.la-carillonnerie.fr\/test\/?page_id=42"},"modified":"2013-04-07T15:18:22","modified_gmt":"2013-04-07T15:18:22","slug":"disponibilites","status":"publish","type":"page","link":"https:\/\/www.la-carillonnerie.fr\/?page_id=42","title":{"rendered":"Disponibilit\u00e9s"},"content":{"rendered":"<p style=\"text-align: center;\"><a href=\"https:\/\/www.la-carillonnerie.fr\/wp-content\/uploads\/2011\/11\/logo-gite-de-france.png\"><img loading=\"lazy\" decoding=\"async\" class=\"aligncenter size-full wp-image-153\" alt=\"logo-gite-de-france\" src=\"https:\/\/www.la-carillonnerie.fr\/wp-content\/uploads\/2011\/11\/logo-gite-de-france.png\" width=\"150\" height=\"219\" \/><\/a><\/p>\n<p>&nbsp;<\/p>\n<p>Depuis le 1er Avril 2013, G\u00eete de France, gage de qualit\u00e9, connu de tous, a class\u00e9 La Carillonerie comme G\u00eete 3 \u00e9pis.<\/p>\n<p>La r\u00e9servation du G\u00eete se fait maintenant par leur service.<\/p>\n<p>Pour r\u00e9server ? rien de plus simple, cliquez sur le lien de notre page sur le site<span style=\"color: #ff0000;\"><strong>\u00a0<a title=\"G\u00eete de France\" href=\"http:\/\/www.gites-de-france.com\/location-vacances-Bossay-sur-Claise-Gite-La-Carillonerie-,37G19741.html\" target=\"_blank\"><span style=\"color: #ff0000;\">G\u00eetes de France &#8211; La Carillonerie<\/span><\/a><\/strong><\/span>.<\/p>\n<!-- AddThis Advanced Settings generic via filter on the_content --><!-- AddThis Share Buttons generic via filter on the_content -->","protected":false},"excerpt":{"rendered":"<p>&nbsp; Depuis le 1er Avril 2013, G\u00eete de France, gage de qualit\u00e9, connu de tous, a class\u00e9 La Carillonerie comme G\u00eete 3 \u00e9pis. La r\u00e9servation du G\u00eete se fait maintenant par leur service. Pour r\u00e9server ? rien de plus simple, cliquez sur le lien de notre page sur le site\u00a0G\u00eetes de France &#8211; La Carillonerie.<!-- AddThis Advanced Settings generic via filter on get_the_excerpt --><!-- AddThis Share Buttons generic via filter on get_the_excerpt --><\/p>\n","protected":false},"author":1,"featured_media":0,"parent":0,"menu_order":3,"comment_status":"closed","ping_status":"closed","template":"","meta":{"footnotes":""},"class_list":["post-42","page","type-page","status-publish","hentry"],"aioseo_notices":[],"_links":{"self":[{"href":"https:\/\/www.la-carillonnerie.fr\/index.php?rest_route=\/wp\/v2\/pages\/42","targetHints":{"allow":["GET"]}}],"collection":[{"href":"https:\/\/www.la-carillonnerie.fr\/index.php?rest_route=\/wp\/v2\/pages"}],"about":[{"href":"https:\/\/www.la-carillonnerie.fr\/index.php?rest_route=\/wp\/v2\/types\/page"}],"author":[{"embeddable":true,"href":"https:\/\/www.la-carillonnerie.fr\/index.php?rest_route=\/wp\/v2\/users\/1"}],"replies":[{"embeddable":true,"href":"https:\/\/www.la-carillonnerie.fr\/index.php?rest_route=%2Fwp%2Fv2%2Fcomments&post=42"}],"version-history":[{"count":18,"href":"https:\/\/www.la-carillonnerie.fr\/index.php?rest_route=\/wp\/v2\/pages\/42\/revisions"}],"predecessor-version":[{"id":157,"href":"https:\/\/www.la-carillonnerie.fr\/index.php?rest_route=\/wp\/v2\/pages\/42\/revisions\/157"}],"wp:attachment":[{"href":"https:\/\/www.la-carillonnerie.fr\/index.php?rest_route=%2Fwp%2Fv2%2Fmedia&parent=42"}],"curies":[{"name":"wp","href":"https:\/\/api.w.org\/{rel}","templated":true}]}}