{"id":19,"date":"2011-11-06T13:06:08","date_gmt":"2011-11-06T13:06:08","guid":{"rendered":"http:\/\/www.la-carillonnerie.fr\/test\/?page_id=19"},"modified":"2011-11-08T21:03:03","modified_gmt":"2011-11-08T21:03:03","slug":"la-cuisine","status":"publish","type":"page","link":"https:\/\/www.la-carillonnerie.fr\/?page_id=19","title":{"rendered":"La Cuisine"},"content":{"rendered":"<p>Elle est compos\u00e9e :<\/p>\n<ul>\n<li>D&rsquo;un r\u00e9frig\u00e9rateur-cong\u00e9lateur<\/li>\n<li>D&rsquo;un mini-four<\/li>\n<li>D&rsquo;un micro-ondes<\/li>\n<li>De plaques gaz<\/li>\n<li>D&rsquo;un lave-vaisselles<\/li>\n<li>D&rsquo;un lave-linge<\/li>\n<li>D&rsquo;autres appareils \u00e9lectrom\u00e9nagers (fer \u00e0 vapeur, table \u00e0 repass\u00e9e, 1 bouilloire)<\/li>\n<\/ul>\n<p style=\"text-align: center;\"><img loading=\"lazy\" decoding=\"async\" class=\"aligncenter\" title=\"Cuisine\" src=\"https:\/\/www.la-carillonnerie.fr\/images\/maison\/cuisine3.jpg\" alt=\"\" width=\"520\" height=\"346\" \/><\/p>\n<p style=\"text-align: center;\">\n<p style=\"text-align: center;\">\n<p style=\"text-align: center;\"><img loading=\"lazy\" decoding=\"async\" class=\"aligncenter\" title=\"Cuisine\" src=\"https:\/\/www.la-carillonnerie.fr\/images\/maison\/cuisine4.jpg\" alt=\"\" width=\"520\" height=\"346\" \/><\/p>\n<!-- AddThis Advanced Settings generic via filter on the_content --><!-- AddThis Share Buttons generic via filter on the_content -->","protected":false},"excerpt":{"rendered":"<p>Elle est compos\u00e9e : D&rsquo;un r\u00e9frig\u00e9rateur-cong\u00e9lateur D&rsquo;un mini-four D&rsquo;un micro-ondes De plaques gaz D&rsquo;un lave-vaisselles D&rsquo;un lave-linge D&rsquo;autres appareils \u00e9lectrom\u00e9nagers (fer \u00e0 vapeur, table \u00e0 repass\u00e9e, 1 bouilloire)<!-- AddThis Advanced Settings generic via filter on get_the_excerpt --><!-- AddThis Share Buttons generic via filter on get_the_excerpt --><\/p>\n","protected":false},"author":1,"featured_media":0,"parent":0,"menu_order":4,"comment_status":"closed","ping_status":"closed","template":"","meta":{"footnotes":""},"class_list":["post-19","page","type-page","status-publish","hentry"],"aioseo_notices":[],"_links":{"self":[{"href":"https:\/\/www.la-carillonnerie.fr\/index.php?rest_route=\/wp\/v2\/pages\/19","targetHints":{"allow":["GET"]}}],"collection":[{"href":"https:\/\/www.la-carillonnerie.fr\/index.php?rest_route=\/wp\/v2\/pages"}],"about":[{"href":"https:\/\/www.la-carillonnerie.fr\/index.php?rest_route=\/wp\/v2\/types\/page"}],"author":[{"embeddable":true,"href":"https:\/\/www.la-carillonnerie.fr\/index.php?rest_route=\/wp\/v2\/users\/1"}],"replies":[{"embeddable":true,"href":"https:\/\/www.la-carillonnerie.fr\/index.php?rest_route=%2Fwp%2Fv2%2Fcomments&post=19"}],"version-history":[{"count":10,"href":"https:\/\/www.la-carillonnerie.fr\/index.php?rest_route=\/wp\/v2\/pages\/19\/revisions"}],"predecessor-version":[{"id":192,"href":"https:\/\/www.la-carillonnerie.fr\/index.php?rest_route=\/wp\/v2\/pages\/19\/revisions\/192"}],"wp:attachment":[{"href":"https:\/\/www.la-carillonnerie.fr\/index.php?rest_route=%2Fwp%2Fv2%2Fmedia&parent=19"}],"curies":[{"name":"wp","href":"https:\/\/api.w.org\/{rel}","templated":true}]}}