{"id":12,"date":"2011-11-06T10:24:10","date_gmt":"2011-11-06T10:24:10","guid":{"rendered":"http:\/\/www.la-carillonnerie.fr\/test\/?page_id=12"},"modified":"2011-11-08T21:04:35","modified_gmt":"2011-11-08T21:04:35","slug":"chambre-bleuet","status":"publish","type":"page","link":"https:\/\/www.la-carillonnerie.fr\/?page_id=12","title":{"rendered":"Chambre Bleuet"},"content":{"rendered":"<p>Chambre compos\u00e9e d&rsquo;un lit de 160&#215;190, une salle de douche avec WC. Une porte-fen\u00eatre (expos\u00e9e plein sud) vous donne acc\u00e8s directement \u00e0 la cour fleurie du domaine.<\/p>\n<p><img loading=\"lazy\" decoding=\"async\" class=\"alignleft\" title=\"Bleuet1\" src=\"https:\/\/www.la-carillonnerie.fr\/images\/maison\/chambre_bleuet5.jpg\" alt=\"\" width=\"240\" height=\"362\" \/><img loading=\"lazy\" decoding=\"async\" class=\"alignright\" title=\"Bleuet2\" src=\"https:\/\/www.la-carillonnerie.fr\/images\/maison\/chambre_bleuet6.jpg\" alt=\"\" width=\"240\" height=\"362\" \/><\/p>\n<p>&nbsp;<\/p>\n<p>&nbsp;<\/p>\n<p>&nbsp;<\/p>\n<p>&nbsp;<\/p>\n<p>&nbsp;<\/p>\n<p>&nbsp;<\/p>\n<p>&nbsp;<\/p>\n<p>&nbsp;<\/p>\n<p>&nbsp;<\/p>\n<p>&nbsp;<\/p>\n<p>&nbsp;<\/p>\n<p>&nbsp;<\/p>\n<p>&nbsp;<\/p>\n<p style=\"text-align: center;\"><img loading=\"lazy\" decoding=\"async\" class=\"aligncenter\" title=\"chambre-bleuet4\" src=\"https:\/\/www.la-carillonnerie.fr\/images\/maison\/chambre_bleuet4.jpg\" alt=\"\" width=\"520\" height=\"346\" \/><\/p>\n<!-- AddThis Advanced Settings generic via filter on the_content --><!-- AddThis Share Buttons generic via filter on the_content -->","protected":false},"excerpt":{"rendered":"<p>Chambre compos\u00e9e d&rsquo;un lit de 160&#215;190, une salle de douche avec WC. Une porte-fen\u00eatre (expos\u00e9e plein sud) vous donne acc\u00e8s directement \u00e0 la cour fleurie du domaine. &nbsp; &nbsp; &nbsp; &nbsp; &nbsp; &nbsp; &nbsp; &nbsp; &nbsp; &nbsp; &nbsp; &nbsp; &nbsp;<!-- AddThis Advanced Settings generic via filter on get_the_excerpt --><!-- AddThis Share Buttons generic via filter on get_the_excerpt --><\/p>\n","protected":false},"author":1,"featured_media":0,"parent":4,"menu_order":0,"comment_status":"closed","ping_status":"closed","template":"","meta":{"footnotes":""},"class_list":["post-12","page","type-page","status-publish","hentry"],"aioseo_notices":[],"_links":{"self":[{"href":"https:\/\/www.la-carillonnerie.fr\/index.php?rest_route=\/wp\/v2\/pages\/12","targetHints":{"allow":["GET"]}}],"collection":[{"href":"https:\/\/www.la-carillonnerie.fr\/index.php?rest_route=\/wp\/v2\/pages"}],"about":[{"href":"https:\/\/www.la-carillonnerie.fr\/index.php?rest_route=\/wp\/v2\/types\/page"}],"author":[{"embeddable":true,"href":"https:\/\/www.la-carillonnerie.fr\/index.php?rest_route=\/wp\/v2\/users\/1"}],"replies":[{"embeddable":true,"href":"https:\/\/www.la-carillonnerie.fr\/index.php?rest_route=%2Fwp%2Fv2%2Fcomments&post=12"}],"version-history":[{"count":17,"href":"https:\/\/www.la-carillonnerie.fr\/index.php?rest_route=\/wp\/v2\/pages\/12\/revisions"}],"predecessor-version":[{"id":188,"href":"https:\/\/www.la-carillonnerie.fr\/index.php?rest_route=\/wp\/v2\/pages\/12\/revisions\/188"}],"up":[{"embeddable":true,"href":"https:\/\/www.la-carillonnerie.fr\/index.php?rest_route=\/wp\/v2\/pages\/4"}],"wp:attachment":[{"href":"https:\/\/www.la-carillonnerie.fr\/index.php?rest_route=%2Fwp%2Fv2%2Fmedia&parent=12"}],"curies":[{"name":"wp","href":"https:\/\/api.w.org\/{rel}","templated":true}]}}